{"id":13042,"date":"2025-08-01T19:16:39","date_gmt":"2025-08-01T17:16:39","guid":{"rendered":"https:\/\/apycreative.com\/?page_id=13042"},"modified":"2026-03-18T09:12:26","modified_gmt":"2026-03-18T08:12:26","slug":"apyagence-copy-2","status":"publish","type":"page","link":"https:\/\/apycreative.com\/?page_id=13042","title":{"rendered":"APYApropos"},"content":{"rendered":"\t\t<div data-elementor-type=\"wp-page\" data-elementor-id=\"13042\" class=\"elementor elementor-13042\" data-elementor-post-type=\"page\">\n\t\t\t\t<div class=\"elementor-element elementor-element-9784553 e-flex e-con-boxed e-con e-parent\" data-id=\"9784553\" data-element_type=\"container\" data-e-type=\"container\">\n\t\t\t\t\t<div class=\"e-con-inner\">\n\t\t<div class=\"elementor-element elementor-element-58db022c e-con-full e-flex e-con e-child\" data-id=\"58db022c\" data-element_type=\"container\" data-e-type=\"container\">\n\t\t\t\t<div class=\"elementor-element elementor-element-f7715ce elementor-absolute e-transform e-transform elementor-widget elementor-widget-heading\" data-id=\"f7715ce\" data-element_type=\"widget\" data-e-type=\"widget\" data-settings=\"{&quot;_position&quot;:&quot;absolute&quot;,&quot;_transform_rotateZ_effect&quot;:{&quot;unit&quot;:&quot;px&quot;,&quot;size&quot;:90,&quot;sizes&quot;:[]},&quot;_transform_translateX_effect&quot;:{&quot;unit&quot;:&quot;px&quot;,&quot;size&quot;:70,&quot;sizes&quot;:[]},&quot;_transform_translateY_effect&quot;:{&quot;unit&quot;:&quot;px&quot;,&quot;size&quot;:-25,&quot;sizes&quot;:[]},&quot;_transform_translateY_effect_laptop&quot;:{&quot;unit&quot;:&quot;%&quot;,&quot;size&quot;:&quot;&quot;,&quot;sizes&quot;:[]},&quot;_transform_translateY_effect_tablet_extra&quot;:{&quot;unit&quot;:&quot;%&quot;,&quot;size&quot;:&quot;&quot;,&quot;sizes&quot;:[]},&quot;_transform_translateY_effect_tablet&quot;:{&quot;unit&quot;:&quot;%&quot;,&quot;size&quot;:&quot;&quot;,&quot;sizes&quot;:[]},&quot;_transform_translateY_effect_mobile_extra&quot;:{&quot;unit&quot;:&quot;%&quot;,&quot;size&quot;:&quot;&quot;,&quot;sizes&quot;:[]},&quot;_transform_translateY_effect_mobile&quot;:{&quot;unit&quot;:&quot;%&quot;,&quot;size&quot;:&quot;&quot;,&quot;sizes&quot;:[]},&quot;_transform_rotateZ_effect_widescreen&quot;:{&quot;unit&quot;:&quot;deg&quot;,&quot;size&quot;:&quot;&quot;,&quot;sizes&quot;:[]},&quot;_transform_rotateZ_effect_laptop&quot;:{&quot;unit&quot;:&quot;deg&quot;,&quot;size&quot;:&quot;&quot;,&quot;sizes&quot;:[]},&quot;_transform_rotateZ_effect_tablet_extra&quot;:{&quot;unit&quot;:&quot;deg&quot;,&quot;size&quot;:&quot;&quot;,&quot;sizes&quot;:[]},&quot;_transform_rotateZ_effect_tablet&quot;:{&quot;unit&quot;:&quot;deg&quot;,&quot;size&quot;:&quot;&quot;,&quot;sizes&quot;:[]},&quot;_transform_rotateZ_effect_mobile_extra&quot;:{&quot;unit&quot;:&quot;deg&quot;,&quot;size&quot;:&quot;&quot;,&quot;sizes&quot;:[]},&quot;_transform_rotateZ_effect_mobile&quot;:{&quot;unit&quot;:&quot;deg&quot;,&quot;size&quot;:&quot;&quot;,&quot;sizes&quot;:[]},&quot;_transform_translateX_effect_widescreen&quot;:{&quot;unit&quot;:&quot;px&quot;,&quot;size&quot;:&quot;&quot;,&quot;sizes&quot;:[]},&quot;_transform_translateX_effect_laptop&quot;:{&quot;unit&quot;:&quot;px&quot;,&quot;size&quot;:&quot;&quot;,&quot;sizes&quot;:[]},&quot;_transform_translateX_effect_tablet_extra&quot;:{&quot;unit&quot;:&quot;px&quot;,&quot;size&quot;:&quot;&quot;,&quot;sizes&quot;:[]},&quot;_transform_translateX_effect_tablet&quot;:{&quot;unit&quot;:&quot;px&quot;,&quot;size&quot;:&quot;&quot;,&quot;sizes&quot;:[]},&quot;_transform_translateX_effect_mobile_extra&quot;:{&quot;unit&quot;:&quot;px&quot;,&quot;size&quot;:&quot;&quot;,&quot;sizes&quot;:[]},&quot;_transform_translateX_effect_mobile&quot;:{&quot;unit&quot;:&quot;px&quot;,&quot;size&quot;:&quot;&quot;,&quot;sizes&quot;:[]},&quot;_transform_translateY_effect_widescreen&quot;:{&quot;unit&quot;:&quot;px&quot;,&quot;size&quot;:&quot;&quot;,&quot;sizes&quot;:[]}}\" data-widget_type=\"heading.default\">\n\t\t\t\t<div class=\"elementor-widget-container\">\n\t\t\t\t\t<div class=\"elementor-heading-title elementor-size-default\">Humain<\/div>\t\t\t\t<\/div>\n\t\t\t\t<\/div>\n\t\t\t\t<div class=\"elementor-element elementor-element-5cc20db8 elementor-widget__width-initial elementor-widget elementor-widget-text-editor\" data-id=\"5cc20db8\" data-element_type=\"widget\" data-e-type=\"widget\" data-widget_type=\"text-editor.default\">\n\t\t\t\t<div class=\"elementor-widget-container\">\n\t\t\t\t\t\t\t\t\t<p>Mon approche est humaine, structur\u00e9e, et profond\u00e9ment respectueuse de qui vous \u00eates.<br \/>Nous r\u00e9v\u00e9lons l\u2019essence de votre projet, pour cr\u00e9er une identit\u00e9 claire, une pr\u00e9sence coh\u00e9rente et une croissance fluide.<\/p>\t\t\t\t\t\t\t\t<\/div>\n\t\t\t\t<\/div>\n\t\t\t\t<\/div>\n\t\t\t\t\t<\/div>\n\t\t\t\t<\/div>\n\t\t<div class=\"elementor-element elementor-element-42088f0d e-flex e-con-boxed e-con e-parent\" data-id=\"42088f0d\" data-element_type=\"container\" data-e-type=\"container\">\n\t\t\t\t\t<div class=\"e-con-inner\">\n\t\t<div class=\"elementor-element elementor-element-2b0ddc1f e-con-full e-flex elementor-invisible e-con e-child\" data-id=\"2b0ddc1f\" data-element_type=\"container\" data-e-type=\"container\" data-settings=\"{&quot;background_background&quot;:&quot;video&quot;,&quot;animation&quot;:&quot;fadeIn&quot;,&quot;animation_delay&quot;:100}\">\n\t\t\t\t<div class=\"elementor-element elementor-element-eddb6d8 elementor-widget elementor-widget-video\" data-id=\"eddb6d8\" data-element_type=\"widget\" data-e-type=\"widget\" data-settings=\"{&quot;video_type&quot;:&quot;hosted&quot;,&quot;controls&quot;:&quot;yes&quot;}\" data-widget_type=\"video.default\">\n\t\t\t\t<div class=\"elementor-widget-container\">\n\t\t\t\t\t\t\t<div class=\"e-hosted-video elementor-wrapper elementor-open-inline\">\n\t\t\t\t\t<video class=\"elementor-video\" src=\"https:\/\/apycreative.com\/wp-content\/uploads\/2026\/03\/VIDEO-2025-10-18-12-49-38.mp4\" controls=\"\" preload=\"metadata\" controlsList=\"nodownload\" poster=\"https:\/\/apycreative.com\/wp-content\/uploads\/2025\/09\/Design-sans-titre-1-2.png\"><\/video>\n\t\t\t\t<\/div>\n\t\t\t\t\t\t<\/div>\n\t\t\t\t<\/div>\n\t\t\t\t<\/div>\n\t\t<div class=\"elementor-element elementor-element-4d753440 e-con-full e-flex elementor-invisible e-con e-child\" data-id=\"4d753440\" data-element_type=\"container\" data-e-type=\"container\" data-settings=\"{&quot;animation&quot;:&quot;fadeIn&quot;}\">\n\t\t\t\t<div class=\"elementor-element elementor-element-58d96513 elementor-widget elementor-widget-text-editor\" data-id=\"58d96513\" data-element_type=\"widget\" data-e-type=\"widget\" data-widget_type=\"text-editor.default\">\n\t\t\t\t<div class=\"elementor-widget-container\">\n\t\t\t\t\t\t\t\t\t<p>Je suis <strong>consultante en marketing digital &amp; branding<\/strong>, et j\u2019accompagne les entrepreneures ind\u00e9pendantes \u2014 souvent en reconversion, issues du bien-\u00eatre, du conseil ou de la cr\u00e9ation \u2014 \u00e0 construire une <strong>marque personnelle claire, align\u00e9e et impactante<\/strong>.<br \/>Pas de recettes toutes faites : une <strong>strat\u00e9gie simple, humaine et sur-mesure<\/strong> pour clarifier leur message, structurer leur pr\u00e9sence en ligne et d\u00e9velopper leur activit\u00e9 sans se trahir ni s\u2019\u00e9parpiller.<\/p><p class=\"p1\"><b>+10 ans d\u2019exp\u00e9rience en branding, strat\u00e9gie et accompagnement business<\/b><\/p>\t\t\t\t\t\t\t\t<\/div>\n\t\t\t\t<\/div>\n\t\t\t\t<\/div>\n\t\t\t\t\t<\/div>\n\t\t\t\t<\/div>\n\t\t<div class=\"elementor-element elementor-element-25c46bd6 e-flex e-con-boxed e-con e-parent\" data-id=\"25c46bd6\" data-element_type=\"container\" data-e-type=\"container\">\n\t\t\t\t\t<div class=\"e-con-inner\">\n\t\t\t\t<div class=\"elementor-element elementor-element-2a458ccf elementor-widget elementor-widget-text-editor\" data-id=\"2a458ccf\" data-element_type=\"widget\" data-e-type=\"widget\" data-widget_type=\"text-editor.default\">\n\t\t\t\t<div class=\"elementor-widget-container\">\n\t\t\t\t\t\t\t\t\t<p>Nous r\u00e9v\u00e9lons l\u2019essence de votre projet.<\/p><p>Notre mission : vous aider \u00e0 incarner votre singularit\u00e9 avec clart\u00e9, puissance et douceur.<br \/>Pas de recettes magiques. Pas de jargon marketing.<br \/>Seulement une strat\u00e9gie claire, humaine et align\u00e9e.<\/p><p><strong>Je vous accompagne pas \u00e0 pas, avec une m\u00e9thode claire et humaine, pour :<\/strong><\/p><ul><li>Clarifier votre positionnement et votre client id\u00e9al<\/li><li>Cr\u00e9er un message authentique qui r\u00e9sonne<\/li><li>D\u00e9velopper une visibilit\u00e9 simple et efficace<\/li><li>Vendre naturellement, sans forcer<\/li><\/ul><p><br \/>Plus qu\u2019une image : une direction claire pour votre entreprise.<\/p>\t\t\t\t\t\t\t\t<\/div>\n\t\t\t\t<\/div>\n\t\t\t\t<div class=\"elementor-element elementor-element-6c1e8d63 elementor-mobile-align-justify elementor-widget__width-inherit elementor-widget elementor-widget-button\" data-id=\"6c1e8d63\" data-element_type=\"widget\" data-e-type=\"widget\" data-widget_type=\"button.default\">\n\t\t\t\t<div class=\"elementor-widget-container\">\n\t\t\t\t\t\t\t\t\t<div class=\"elementor-button-wrapper\">\n\t\t\t\t\t<a class=\"elementor-button elementor-button-link elementor-size-sm\" href=\"#elementor-action%3Aaction%3Dpopup%3Aopen%26settings%3DeyJpZCI6IjEzODQwIiwidG9nZ2xlIjpmYWxzZX0%3D\">\n\t\t\t\t\t\t<span class=\"elementor-button-content-wrapper\">\n\t\t\t\t\t\t\t\t\t<span class=\"elementor-button-text\">T\u00e9l\u00e9chargez votre guide gratuit <\/span>\n\t\t\t\t\t<\/span>\n\t\t\t\t\t<\/a>\n\t\t\t\t<\/div>\n\t\t\t\t\t\t\t\t<\/div>\n\t\t\t\t<\/div>\n\t\t\t\t\t<\/div>\n\t\t\t\t<\/div>\n\t\t<div class=\"elementor-element elementor-element-4396cf00 e-flex e-con-boxed e-con e-parent\" data-id=\"4396cf00\" data-element_type=\"container\" data-e-type=\"container\">\n\t\t\t\t\t<div class=\"e-con-inner\">\n\t\t<div class=\"elementor-element elementor-element-6beab0a4 e-con-full e-flex elementor-invisible e-con e-child\" data-id=\"6beab0a4\" data-element_type=\"container\" data-e-type=\"container\" data-settings=\"{&quot;background_background&quot;:&quot;classic&quot;,&quot;animation&quot;:&quot;fadeIn&quot;}\">\n\t\t\t\t<\/div>\n\t\t<div class=\"elementor-element elementor-element-6b273d84 e-con-full e-flex elementor-invisible e-con e-child\" data-id=\"6b273d84\" data-element_type=\"container\" data-e-type=\"container\" data-settings=\"{&quot;animation&quot;:&quot;fadeIn&quot;}\">\n\t\t\t\t<div class=\"elementor-element elementor-element-5c1ab604 elementor-widget elementor-widget-text-editor\" data-id=\"5c1ab604\" data-element_type=\"widget\" data-e-type=\"widget\" data-widget_type=\"text-editor.default\">\n\t\t\t\t<div class=\"elementor-widget-container\">\n\t\t\t\t\t\t\t\t\t<ul><li>Vous \u00eates experte dans votre domaine mais frustr\u00e9e par la prospection.<\/li><li>Vous \u00eates pr\u00eate \u00e0 \u00e9voluer, mais vous ne savez pas comment t\u2019y prendre.<\/li><li>Tu voulez un retour franc, bienveillant, structurant (pas du \u00ab\u00a0oui oui\u00a0\u00bb qui endort)<\/li><\/ul>\t\t\t\t\t\t\t\t<\/div>\n\t\t\t\t<\/div>\n\t\t\t\t<div class=\"elementor-element elementor-element-5a061ad6 elementor-mobile-align-justify elementor-widget-mobile__width-inherit elementor-widget elementor-widget-button\" data-id=\"5a061ad6\" data-element_type=\"widget\" data-e-type=\"widget\" data-widget_type=\"button.default\">\n\t\t\t\t<div class=\"elementor-widget-container\">\n\t\t\t\t\t\t\t\t\t<div class=\"elementor-button-wrapper\">\n\t\t\t\t\t<a class=\"elementor-button elementor-button-link elementor-size-sm\" href=\"https:\/\/apycreative.com\/?page_id=11085\">\n\t\t\t\t\t\t<span class=\"elementor-button-content-wrapper\">\n\t\t\t\t\t\t\t\t\t<span class=\"elementor-button-text\">Contact<\/span>\n\t\t\t\t\t<\/span>\n\t\t\t\t\t<\/a>\n\t\t\t\t<\/div>\n\t\t\t\t\t\t\t\t<\/div>\n\t\t\t\t<\/div>\n\t\t\t\t<div class=\"elementor-element elementor-element-46d0a5dc elementor-align-left elementor-mobile-align-justify elementor-widget-mobile__width-inherit elementor-widget elementor-widget-button\" data-id=\"46d0a5dc\" data-element_type=\"widget\" data-e-type=\"widget\" data-widget_type=\"button.default\">\n\t\t\t\t<div class=\"elementor-widget-container\">\n\t\t\t\t\t\t\t\t\t<div class=\"elementor-button-wrapper\">\n\t\t\t\t\t<a class=\"elementor-button elementor-button-link elementor-size-sm\" href=\"https:\/\/calendly.com\/aurelie-phily\/30min\">\n\t\t\t\t\t\t<span class=\"elementor-button-content-wrapper\">\n\t\t\t\t\t\t\t\t\t<span class=\"elementor-button-text\">Audit<\/span>\n\t\t\t\t\t<\/span>\n\t\t\t\t\t<\/a>\n\t\t\t\t<\/div>\n\t\t\t\t\t\t\t\t<\/div>\n\t\t\t\t<\/div>\n\t\t\t\t<div class=\"elementor-element elementor-element-5470eb39 elementor-absolute e-transform e-transform elementor-widget elementor-widget-heading\" data-id=\"5470eb39\" data-element_type=\"widget\" data-e-type=\"widget\" data-settings=\"{&quot;_position&quot;:&quot;absolute&quot;,&quot;_transform_rotateZ_effect&quot;:{&quot;unit&quot;:&quot;px&quot;,&quot;size&quot;:90,&quot;sizes&quot;:[]},&quot;_transform_translateX_effect&quot;:{&quot;unit&quot;:&quot;px&quot;,&quot;size&quot;:60,&quot;sizes&quot;:[]},&quot;_transform_translateY_effect&quot;:{&quot;unit&quot;:&quot;px&quot;,&quot;size&quot;:-50,&quot;sizes&quot;:[]},&quot;_transform_translateY_effect_laptop&quot;:{&quot;unit&quot;:&quot;%&quot;,&quot;size&quot;:&quot;&quot;,&quot;sizes&quot;:[]},&quot;_transform_translateY_effect_tablet_extra&quot;:{&quot;unit&quot;:&quot;%&quot;,&quot;size&quot;:&quot;&quot;,&quot;sizes&quot;:[]},&quot;_transform_translateY_effect_tablet&quot;:{&quot;unit&quot;:&quot;%&quot;,&quot;size&quot;:&quot;&quot;,&quot;sizes&quot;:[]},&quot;_transform_translateY_effect_mobile_extra&quot;:{&quot;unit&quot;:&quot;%&quot;,&quot;size&quot;:&quot;&quot;,&quot;sizes&quot;:[]},&quot;_transform_translateY_effect_mobile&quot;:{&quot;unit&quot;:&quot;px&quot;,&quot;size&quot;:-40,&quot;sizes&quot;:[]},&quot;_transform_rotateZ_effect_widescreen&quot;:{&quot;unit&quot;:&quot;deg&quot;,&quot;size&quot;:&quot;&quot;,&quot;sizes&quot;:[]},&quot;_transform_rotateZ_effect_laptop&quot;:{&quot;unit&quot;:&quot;deg&quot;,&quot;size&quot;:&quot;&quot;,&quot;sizes&quot;:[]},&quot;_transform_rotateZ_effect_tablet_extra&quot;:{&quot;unit&quot;:&quot;deg&quot;,&quot;size&quot;:&quot;&quot;,&quot;sizes&quot;:[]},&quot;_transform_rotateZ_effect_tablet&quot;:{&quot;unit&quot;:&quot;deg&quot;,&quot;size&quot;:&quot;&quot;,&quot;sizes&quot;:[]},&quot;_transform_rotateZ_effect_mobile_extra&quot;:{&quot;unit&quot;:&quot;deg&quot;,&quot;size&quot;:&quot;&quot;,&quot;sizes&quot;:[]},&quot;_transform_rotateZ_effect_mobile&quot;:{&quot;unit&quot;:&quot;deg&quot;,&quot;size&quot;:&quot;&quot;,&quot;sizes&quot;:[]},&quot;_transform_translateX_effect_widescreen&quot;:{&quot;unit&quot;:&quot;px&quot;,&quot;size&quot;:&quot;&quot;,&quot;sizes&quot;:[]},&quot;_transform_translateX_effect_laptop&quot;:{&quot;unit&quot;:&quot;px&quot;,&quot;size&quot;:&quot;&quot;,&quot;sizes&quot;:[]},&quot;_transform_translateX_effect_tablet_extra&quot;:{&quot;unit&quot;:&quot;px&quot;,&quot;size&quot;:&quot;&quot;,&quot;sizes&quot;:[]},&quot;_transform_translateX_effect_tablet&quot;:{&quot;unit&quot;:&quot;px&quot;,&quot;size&quot;:&quot;&quot;,&quot;sizes&quot;:[]},&quot;_transform_translateX_effect_mobile_extra&quot;:{&quot;unit&quot;:&quot;px&quot;,&quot;size&quot;:&quot;&quot;,&quot;sizes&quot;:[]},&quot;_transform_translateX_effect_mobile&quot;:{&quot;unit&quot;:&quot;px&quot;,&quot;size&quot;:&quot;&quot;,&quot;sizes&quot;:[]},&quot;_transform_translateY_effect_widescreen&quot;:{&quot;unit&quot;:&quot;px&quot;,&quot;size&quot;:&quot;&quot;,&quot;sizes&quot;:[]}}\" data-widget_type=\"heading.default\">\n\t\t\t\t<div class=\"elementor-widget-container\">\n\t\t\t\t\t<div class=\"elementor-heading-title elementor-size-default\">Audace<\/div>\t\t\t\t<\/div>\n\t\t\t\t<\/div>\n\t\t\t\t<\/div>\n\t\t\t\t\t<\/div>\n\t\t\t\t<\/div>\n\t\t\t\t<\/div>\n\t\t","protected":false},"excerpt":{"rendered":"<p>Humain Mon approche est humaine, structur\u00e9e, et profond\u00e9ment respectueuse de qui vous \u00eates.Nous r\u00e9v\u00e9lons l\u2019essence de votre projet, pour cr\u00e9er une identit\u00e9 claire, une pr\u00e9sence coh\u00e9rente et une croissance fluide. https:\/\/apycreative.com\/wp-content\/uploads\/2026\/03\/VIDEO-2025-10-18-12-49-38.mp4 Je suis consultante en marketing digital &amp; branding, et j\u2019accompagne les entrepreneures ind\u00e9pendantes \u2014 souvent en reconversion, issues du bien-\u00eatre, du conseil ou de [&hellip;]<\/p>\n","protected":false},"author":1,"featured_media":0,"parent":0,"menu_order":0,"comment_status":"closed","ping_status":"closed","template":"","meta":{"footnotes":""},"class_list":["post-13042","page","type-page","status-publish","hentry"],"yoast_head":"<!-- This site is optimized with the Yoast SEO plugin v27.4 - https:\/\/yoast.com\/product\/yoast-seo-wordpress\/ -->\n<title>APYApropos - Apy Creative<\/title>\n<meta name=\"robots\" content=\"index, follow, max-snippet:-1, max-image-preview:large, max-video-preview:-1\" \/>\n<link rel=\"canonical\" href=\"https:\/\/apycreative.com\/?page_id=13042\" \/>\n<meta property=\"og:locale\" content=\"fr_FR\" \/>\n<meta property=\"og:type\" content=\"article\" \/>\n<meta property=\"og:title\" content=\"APYApropos - Apy Creative\" \/>\n<meta property=\"og:description\" content=\"Humain Mon approche est humaine, structur\u00e9e, et profond\u00e9ment respectueuse de qui vous \u00eates.Nous r\u00e9v\u00e9lons l\u2019essence de votre projet, pour cr\u00e9er une identit\u00e9 claire, une pr\u00e9sence coh\u00e9rente et une croissance fluide. https:\/\/apycreative.com\/wp-content\/uploads\/2026\/03\/VIDEO-2025-10-18-12-49-38.mp4 Je suis consultante en marketing digital &amp; branding, et j\u2019accompagne les entrepreneures ind\u00e9pendantes \u2014 souvent en reconversion, issues du bien-\u00eatre, du conseil ou de [&hellip;]\" \/>\n<meta property=\"og:url\" content=\"https:\/\/apycreative.com\/?page_id=13042\" \/>\n<meta property=\"og:site_name\" content=\"Apy Creative\" \/>\n<meta property=\"article:modified_time\" content=\"2026-03-18T08:12:26+00:00\" \/>\n<meta property=\"og:image\" content=\"https:\/\/apycreative.com\/wp-content\/uploads\/2025\/08\/APYnew.webp\" \/>\n\t<meta property=\"og:image:width\" content=\"500\" \/>\n\t<meta property=\"og:image:height\" content=\"497\" \/>\n\t<meta property=\"og:image:type\" content=\"image\/webp\" \/>\n<meta name=\"twitter:card\" content=\"summary_large_image\" \/>\n<meta name=\"twitter:label1\" content=\"Dur\u00e9e de lecture estim\u00e9e\" \/>\n\t<meta name=\"twitter:data1\" content=\"2 minutes\" \/>\n<script type=\"application\/ld+json\" class=\"yoast-schema-graph\">{\"@context\":\"https:\\\/\\\/schema.org\",\"@graph\":[{\"@type\":\"WebPage\",\"@id\":\"https:\\\/\\\/apycreative.com\\\/?page_id=13042\",\"url\":\"https:\\\/\\\/apycreative.com\\\/?page_id=13042\",\"name\":\"APYApropos - Apy Creative\",\"isPartOf\":{\"@id\":\"https:\\\/\\\/apycreative.com\\\/#website\"},\"datePublished\":\"2025-08-01T17:16:39+00:00\",\"dateModified\":\"2026-03-18T08:12:26+00:00\",\"breadcrumb\":{\"@id\":\"https:\\\/\\\/apycreative.com\\\/?page_id=13042#breadcrumb\"},\"inLanguage\":\"fr-FR\",\"potentialAction\":[{\"@type\":\"ReadAction\",\"target\":[\"https:\\\/\\\/apycreative.com\\\/?page_id=13042\"]}]},{\"@type\":\"BreadcrumbList\",\"@id\":\"https:\\\/\\\/apycreative.com\\\/?page_id=13042#breadcrumb\",\"itemListElement\":[{\"@type\":\"ListItem\",\"position\":1,\"name\":\"Accueil\",\"item\":\"https:\\\/\\\/apycreative.com\\\/\"},{\"@type\":\"ListItem\",\"position\":2,\"name\":\"APYApropos\"}]},{\"@type\":\"WebSite\",\"@id\":\"https:\\\/\\\/apycreative.com\\\/#website\",\"url\":\"https:\\\/\\\/apycreative.com\\\/\",\"name\":\"Apy Creative\",\"description\":\"Votre agence digitale\",\"publisher\":{\"@id\":\"https:\\\/\\\/apycreative.com\\\/#organization\"},\"potentialAction\":[{\"@type\":\"SearchAction\",\"target\":{\"@type\":\"EntryPoint\",\"urlTemplate\":\"https:\\\/\\\/apycreative.com\\\/?s={search_term_string}\"},\"query-input\":{\"@type\":\"PropertyValueSpecification\",\"valueRequired\":true,\"valueName\":\"search_term_string\"}}],\"inLanguage\":\"fr-FR\"},{\"@type\":\"Organization\",\"@id\":\"https:\\\/\\\/apycreative.com\\\/#organization\",\"name\":\"Apy Creative\",\"url\":\"https:\\\/\\\/apycreative.com\\\/\",\"logo\":{\"@type\":\"ImageObject\",\"inLanguage\":\"fr-FR\",\"@id\":\"https:\\\/\\\/apycreative.com\\\/#\\\/schema\\\/logo\\\/image\\\/\",\"url\":\"https:\\\/\\\/apycreative.com\\\/wp-content\\\/uploads\\\/2025\\\/08\\\/APYnew.webp\",\"contentUrl\":\"https:\\\/\\\/apycreative.com\\\/wp-content\\\/uploads\\\/2025\\\/08\\\/APYnew.webp\",\"width\":500,\"height\":497,\"caption\":\"Apy Creative\"},\"image\":{\"@id\":\"https:\\\/\\\/apycreative.com\\\/#\\\/schema\\\/logo\\\/image\\\/\"}}]}<\/script>\n<!-- \/ Yoast SEO plugin. -->","yoast_head_json":{"title":"APYApropos - Apy Creative","robots":{"index":"index","follow":"follow","max-snippet":"max-snippet:-1","max-image-preview":"max-image-preview:large","max-video-preview":"max-video-preview:-1"},"canonical":"https:\/\/apycreative.com\/?page_id=13042","og_locale":"fr_FR","og_type":"article","og_title":"APYApropos - Apy Creative","og_description":"Humain Mon approche est humaine, structur\u00e9e, et profond\u00e9ment respectueuse de qui vous \u00eates.Nous r\u00e9v\u00e9lons l\u2019essence de votre projet, pour cr\u00e9er une identit\u00e9 claire, une pr\u00e9sence coh\u00e9rente et une croissance fluide. https:\/\/apycreative.com\/wp-content\/uploads\/2026\/03\/VIDEO-2025-10-18-12-49-38.mp4 Je suis consultante en marketing digital &amp; branding, et j\u2019accompagne les entrepreneures ind\u00e9pendantes \u2014 souvent en reconversion, issues du bien-\u00eatre, du conseil ou de [&hellip;]","og_url":"https:\/\/apycreative.com\/?page_id=13042","og_site_name":"Apy Creative","article_modified_time":"2026-03-18T08:12:26+00:00","og_image":[{"width":500,"height":497,"url":"https:\/\/apycreative.com\/wp-content\/uploads\/2025\/08\/APYnew.webp","type":"image\/webp"}],"twitter_card":"summary_large_image","twitter_misc":{"Dur\u00e9e de lecture estim\u00e9e":"2 minutes"},"schema":{"@context":"https:\/\/schema.org","@graph":[{"@type":"WebPage","@id":"https:\/\/apycreative.com\/?page_id=13042","url":"https:\/\/apycreative.com\/?page_id=13042","name":"APYApropos - Apy Creative","isPartOf":{"@id":"https:\/\/apycreative.com\/#website"},"datePublished":"2025-08-01T17:16:39+00:00","dateModified":"2026-03-18T08:12:26+00:00","breadcrumb":{"@id":"https:\/\/apycreative.com\/?page_id=13042#breadcrumb"},"inLanguage":"fr-FR","potentialAction":[{"@type":"ReadAction","target":["https:\/\/apycreative.com\/?page_id=13042"]}]},{"@type":"BreadcrumbList","@id":"https:\/\/apycreative.com\/?page_id=13042#breadcrumb","itemListElement":[{"@type":"ListItem","position":1,"name":"Accueil","item":"https:\/\/apycreative.com\/"},{"@type":"ListItem","position":2,"name":"APYApropos"}]},{"@type":"WebSite","@id":"https:\/\/apycreative.com\/#website","url":"https:\/\/apycreative.com\/","name":"Apy Creative","description":"Votre agence digitale","publisher":{"@id":"https:\/\/apycreative.com\/#organization"},"potentialAction":[{"@type":"SearchAction","target":{"@type":"EntryPoint","urlTemplate":"https:\/\/apycreative.com\/?s={search_term_string}"},"query-input":{"@type":"PropertyValueSpecification","valueRequired":true,"valueName":"search_term_string"}}],"inLanguage":"fr-FR"},{"@type":"Organization","@id":"https:\/\/apycreative.com\/#organization","name":"Apy Creative","url":"https:\/\/apycreative.com\/","logo":{"@type":"ImageObject","inLanguage":"fr-FR","@id":"https:\/\/apycreative.com\/#\/schema\/logo\/image\/","url":"https:\/\/apycreative.com\/wp-content\/uploads\/2025\/08\/APYnew.webp","contentUrl":"https:\/\/apycreative.com\/wp-content\/uploads\/2025\/08\/APYnew.webp","width":500,"height":497,"caption":"Apy Creative"},"image":{"@id":"https:\/\/apycreative.com\/#\/schema\/logo\/image\/"}}]}},"_links":{"self":[{"href":"https:\/\/apycreative.com\/index.php?rest_route=\/wp\/v2\/pages\/13042","targetHints":{"allow":["GET"]}}],"collection":[{"href":"https:\/\/apycreative.com\/index.php?rest_route=\/wp\/v2\/pages"}],"about":[{"href":"https:\/\/apycreative.com\/index.php?rest_route=\/wp\/v2\/types\/page"}],"author":[{"embeddable":true,"href":"https:\/\/apycreative.com\/index.php?rest_route=\/wp\/v2\/users\/1"}],"replies":[{"embeddable":true,"href":"https:\/\/apycreative.com\/index.php?rest_route=%2Fwp%2Fv2%2Fcomments&post=13042"}],"version-history":[{"count":6,"href":"https:\/\/apycreative.com\/index.php?rest_route=\/wp\/v2\/pages\/13042\/revisions"}],"predecessor-version":[{"id":14586,"href":"https:\/\/apycreative.com\/index.php?rest_route=\/wp\/v2\/pages\/13042\/revisions\/14586"}],"wp:attachment":[{"href":"https:\/\/apycreative.com\/index.php?rest_route=%2Fwp%2Fv2%2Fmedia&parent=13042"}],"curies":[{"name":"wp","href":"https:\/\/api.w.org\/{rel}","templated":true}]}}