{"id":13363,"date":"2025-08-16T11:02:21","date_gmt":"2025-08-16T09:02:21","guid":{"rendered":"https:\/\/apycreative.com\/?page_id=13363"},"modified":"2025-09-04T16:31:45","modified_gmt":"2025-09-04T14:31:45","slug":"terms-and-conditions-dupliquer-13107","status":"publish","type":"page","link":"https:\/\/apycreative.com\/?page_id=13363","title":{"rendered":"manifeste"},"content":{"rendered":"\t\t<div data-elementor-type=\"wp-page\" data-elementor-id=\"13363\" class=\"elementor elementor-13363\" data-elementor-post-type=\"page\">\n\t\t\t\t<div class=\"elementor-element elementor-element-21e7e14b e-flex e-con-boxed e-con e-parent\" data-id=\"21e7e14b\" data-element_type=\"container\" data-e-type=\"container\">\n\t\t\t\t\t<div class=\"e-con-inner\">\n\t\t<div class=\"elementor-element elementor-element-7cd37686 e-con-full e-flex e-con e-child\" data-id=\"7cd37686\" data-element_type=\"container\" data-e-type=\"container\">\n\t\t\t\t<div class=\"elementor-element elementor-element-12d8da80 elementor-absolute e-transform e-transform elementor-widget elementor-widget-heading\" data-id=\"12d8da80\" data-element_type=\"widget\" data-e-type=\"widget\" data-settings=\"{&quot;_position&quot;:&quot;absolute&quot;,&quot;_transform_rotateZ_effect&quot;:{&quot;unit&quot;:&quot;px&quot;,&quot;size&quot;:90,&quot;sizes&quot;:[]},&quot;_transform_translateX_effect&quot;:{&quot;unit&quot;:&quot;px&quot;,&quot;size&quot;:70,&quot;sizes&quot;:[]},&quot;_transform_translateY_effect&quot;:{&quot;unit&quot;:&quot;px&quot;,&quot;size&quot;:-25,&quot;sizes&quot;:[]},&quot;_transform_translateY_effect_laptop&quot;:{&quot;unit&quot;:&quot;%&quot;,&quot;size&quot;:&quot;&quot;,&quot;sizes&quot;:[]},&quot;_transform_translateY_effect_tablet_extra&quot;:{&quot;unit&quot;:&quot;%&quot;,&quot;size&quot;:&quot;&quot;,&quot;sizes&quot;:[]},&quot;_transform_translateY_effect_tablet&quot;:{&quot;unit&quot;:&quot;%&quot;,&quot;size&quot;:&quot;&quot;,&quot;sizes&quot;:[]},&quot;_transform_translateY_effect_mobile_extra&quot;:{&quot;unit&quot;:&quot;%&quot;,&quot;size&quot;:&quot;&quot;,&quot;sizes&quot;:[]},&quot;_transform_translateY_effect_mobile&quot;:{&quot;unit&quot;:&quot;%&quot;,&quot;size&quot;:&quot;&quot;,&quot;sizes&quot;:[]},&quot;_transform_rotateZ_effect_widescreen&quot;:{&quot;unit&quot;:&quot;deg&quot;,&quot;size&quot;:&quot;&quot;,&quot;sizes&quot;:[]},&quot;_transform_rotateZ_effect_laptop&quot;:{&quot;unit&quot;:&quot;deg&quot;,&quot;size&quot;:&quot;&quot;,&quot;sizes&quot;:[]},&quot;_transform_rotateZ_effect_tablet_extra&quot;:{&quot;unit&quot;:&quot;deg&quot;,&quot;size&quot;:&quot;&quot;,&quot;sizes&quot;:[]},&quot;_transform_rotateZ_effect_tablet&quot;:{&quot;unit&quot;:&quot;deg&quot;,&quot;size&quot;:&quot;&quot;,&quot;sizes&quot;:[]},&quot;_transform_rotateZ_effect_mobile_extra&quot;:{&quot;unit&quot;:&quot;deg&quot;,&quot;size&quot;:&quot;&quot;,&quot;sizes&quot;:[]},&quot;_transform_rotateZ_effect_mobile&quot;:{&quot;unit&quot;:&quot;deg&quot;,&quot;size&quot;:&quot;&quot;,&quot;sizes&quot;:[]},&quot;_transform_translateX_effect_widescreen&quot;:{&quot;unit&quot;:&quot;px&quot;,&quot;size&quot;:&quot;&quot;,&quot;sizes&quot;:[]},&quot;_transform_translateX_effect_laptop&quot;:{&quot;unit&quot;:&quot;px&quot;,&quot;size&quot;:&quot;&quot;,&quot;sizes&quot;:[]},&quot;_transform_translateX_effect_tablet_extra&quot;:{&quot;unit&quot;:&quot;px&quot;,&quot;size&quot;:&quot;&quot;,&quot;sizes&quot;:[]},&quot;_transform_translateX_effect_tablet&quot;:{&quot;unit&quot;:&quot;px&quot;,&quot;size&quot;:&quot;&quot;,&quot;sizes&quot;:[]},&quot;_transform_translateX_effect_mobile_extra&quot;:{&quot;unit&quot;:&quot;px&quot;,&quot;size&quot;:&quot;&quot;,&quot;sizes&quot;:[]},&quot;_transform_translateX_effect_mobile&quot;:{&quot;unit&quot;:&quot;px&quot;,&quot;size&quot;:&quot;&quot;,&quot;sizes&quot;:[]},&quot;_transform_translateY_effect_widescreen&quot;:{&quot;unit&quot;:&quot;px&quot;,&quot;size&quot;:&quot;&quot;,&quot;sizes&quot;:[]}}\" data-widget_type=\"heading.default\">\n\t\t\t\t<div class=\"elementor-widget-container\">\n\t\t\t\t\t<div class=\"elementor-heading-title elementor-size-default\">APY CREATIVE<\/div>\t\t\t\t<\/div>\n\t\t\t\t<\/div>\n\t\t\t\t<div class=\"elementor-element elementor-element-585bb060 elementor-widget__width-initial elementor-widget elementor-widget-text-editor\" data-id=\"585bb060\" data-element_type=\"widget\" data-e-type=\"widget\" data-widget_type=\"text-editor.default\">\n\t\t\t\t<div class=\"elementor-widget-container\">\n\t\t\t\t\t\t\t\t\t<p>Nous croyons que la marque n\u2019est pas un vernis.<\/p><p>Elle est l\u2019expression profonde de ce que vous incarnez.<br \/>Ce n\u2019est pas un outil pour vendre plus.<br \/>C\u2019est un espace pour r\u00e9v\u00e9ler votre essence, cr\u00e9er du lien, laisser une empreinte.<\/p><p>Chez APY Creative,<br \/>nous refusons le bruit, les recettes toutes faites, le marketing forc\u00e9.<br \/>Nous choisissons la clart\u00e9, l\u2019alignement, la justesse.<\/p><p>Nous pensons qu\u2019une marque personnelle ne se construit pas.<br \/>Elle se r\u00e9v\u00e8le.<br \/>Pas \u00e0 pas. Avec style. Avec sens.<\/p><p>Nous croyons en une communication incarn\u00e9e.<br \/>Une esth\u00e9tique au service du fond.<br \/>Une strat\u00e9gie qui part de l\u2019humain, pas des tendances.<\/p><p>Nous valorisons les entrepreneures sensibles, audacieuses, visionnaires.<br \/>Celles qui veulent entreprendre autrement.<br \/>Celles qui veulent \u00eatre vues sans se travestir.<\/p><p>Notre engagement :<br \/>Cr\u00e9er des identit\u00e9s fortes, strat\u00e9giques et sensibles.<br \/>Des marques vivantes, singuli\u00e8res, durables.<br \/>Des pr\u00e9sences digitales qui connectent, convertissent \u2014 sans forcer.<\/p><p>APY Creative,<br \/>c\u2019est un studio de branding pour celles qui veulent rayonner avec douceur,<br \/>communiquer avec conscience,<br \/>et entreprendre en restant pleinement elles-m\u00eames.<\/p><p>\ud83c\udfaf Rien \u00e0 prouver.<br \/>\ud83d\udc8e Tout \u00e0 r\u00e9v\u00e9ler.<\/p><p><strong>Le manifeste APY Creative<\/strong><\/p><p>Nous croyons aux marques qui ont une \u00e2me.<br \/>Celles qui ne cherchent pas \u00e0 plaire \u00e0 tout le monde, mais \u00e0 parler aux bonnes personnes.<br \/>Celles qui n\u2019ont pas besoin de forcer pour exister.<br \/>Celles qui misent sur l\u2019alignement, pas sur la performance \u00e0 tout prix.<\/p><p>Nous croyons qu\u2019une marque forte ne se fabrique pas.<br \/>Elle se r\u00e9v\u00e8le.<\/p><p>Et que chaque femme peut b\u00e2tir une activit\u00e9 p\u00e9renne, visible et humaine<br \/>\u2014 sans renoncer \u00e0 qui elle est.<\/p><p><strong>APY Creative<\/strong> n\u2019est pas une agence classique.<br \/>C\u2019est un espace pour entreprendre autrement.<br \/>Avec sens, avec style, avec vous.<\/p><p>\u00a0<\/p>\t\t\t\t\t\t\t\t<\/div>\n\t\t\t\t<\/div>\n\t\t\t\t<\/div>\n\t\t\t\t\t<\/div>\n\t\t\t\t<\/div>\n\t\t\t\t<\/div>\n\t\t","protected":false},"excerpt":{"rendered":"<p>APY CREATIVE MANIFESTE &nbsp;&nbsp;&nbsp; Nous croyons que la marque n\u2019est pas un vernis. Elle est l\u2019expression profonde de ce que vous incarnez.Ce n\u2019est pas un outil pour vendre plus.C\u2019est un espace pour r\u00e9v\u00e9ler votre essence, cr\u00e9er du lien, laisser une empreinte. Chez APY Creative,nous refusons le bruit, les recettes toutes faites, le marketing forc\u00e9.Nous choisissons [&hellip;]<\/p>\n","protected":false},"author":1,"featured_media":0,"parent":0,"menu_order":0,"comment_status":"closed","ping_status":"closed","template":"","meta":{"footnotes":""},"class_list":["post-13363","page","type-page","status-publish","hentry"],"yoast_head":"<!-- This site is optimized with the Yoast SEO plugin v27.4 - https:\/\/yoast.com\/product\/yoast-seo-wordpress\/ -->\n<title>manifeste - Apy Creative<\/title>\n<meta name=\"robots\" content=\"index, follow, max-snippet:-1, max-image-preview:large, max-video-preview:-1\" \/>\n<link rel=\"canonical\" href=\"https:\/\/apycreative.com\/?page_id=13363\" \/>\n<meta property=\"og:locale\" content=\"fr_FR\" \/>\n<meta property=\"og:type\" content=\"article\" \/>\n<meta property=\"og:title\" content=\"manifeste - Apy Creative\" \/>\n<meta property=\"og:description\" content=\"APY CREATIVE MANIFESTE &nbsp;&nbsp;&nbsp; Nous croyons que la marque n\u2019est pas un vernis. Elle est l\u2019expression profonde de ce que vous incarnez.Ce n\u2019est pas un outil pour vendre plus.C\u2019est un espace pour r\u00e9v\u00e9ler votre essence, cr\u00e9er du lien, laisser une empreinte. Chez APY Creative,nous refusons le bruit, les recettes toutes faites, le marketing forc\u00e9.Nous choisissons [&hellip;]\" \/>\n<meta property=\"og:url\" content=\"https:\/\/apycreative.com\/?page_id=13363\" \/>\n<meta property=\"og:site_name\" content=\"Apy Creative\" \/>\n<meta property=\"article:modified_time\" content=\"2025-09-04T14:31:45+00:00\" \/>\n<meta property=\"og:image\" content=\"https:\/\/apycreative.com\/wp-content\/uploads\/2025\/08\/APYnew.webp\" \/>\n\t<meta property=\"og:image:width\" content=\"500\" \/>\n\t<meta property=\"og:image:height\" content=\"497\" \/>\n\t<meta property=\"og:image:type\" content=\"image\/webp\" \/>\n<meta name=\"twitter:card\" content=\"summary_large_image\" \/>\n<meta name=\"twitter:label1\" content=\"Dur\u00e9e de lecture estim\u00e9e\" \/>\n\t<meta name=\"twitter:data1\" content=\"2 minutes\" \/>\n<script type=\"application\/ld+json\" class=\"yoast-schema-graph\">{\"@context\":\"https:\\\/\\\/schema.org\",\"@graph\":[{\"@type\":\"WebPage\",\"@id\":\"https:\\\/\\\/apycreative.com\\\/?page_id=13363\",\"url\":\"https:\\\/\\\/apycreative.com\\\/?page_id=13363\",\"name\":\"manifeste - Apy Creative\",\"isPartOf\":{\"@id\":\"https:\\\/\\\/apycreative.com\\\/#website\"},\"datePublished\":\"2025-08-16T09:02:21+00:00\",\"dateModified\":\"2025-09-04T14:31:45+00:00\",\"breadcrumb\":{\"@id\":\"https:\\\/\\\/apycreative.com\\\/?page_id=13363#breadcrumb\"},\"inLanguage\":\"fr-FR\",\"potentialAction\":[{\"@type\":\"ReadAction\",\"target\":[\"https:\\\/\\\/apycreative.com\\\/?page_id=13363\"]}]},{\"@type\":\"BreadcrumbList\",\"@id\":\"https:\\\/\\\/apycreative.com\\\/?page_id=13363#breadcrumb\",\"itemListElement\":[{\"@type\":\"ListItem\",\"position\":1,\"name\":\"Accueil\",\"item\":\"https:\\\/\\\/apycreative.com\\\/\"},{\"@type\":\"ListItem\",\"position\":2,\"name\":\"manifeste\"}]},{\"@type\":\"WebSite\",\"@id\":\"https:\\\/\\\/apycreative.com\\\/#website\",\"url\":\"https:\\\/\\\/apycreative.com\\\/\",\"name\":\"Apy Creative\",\"description\":\"Votre agence digitale\",\"publisher\":{\"@id\":\"https:\\\/\\\/apycreative.com\\\/#organization\"},\"potentialAction\":[{\"@type\":\"SearchAction\",\"target\":{\"@type\":\"EntryPoint\",\"urlTemplate\":\"https:\\\/\\\/apycreative.com\\\/?s={search_term_string}\"},\"query-input\":{\"@type\":\"PropertyValueSpecification\",\"valueRequired\":true,\"valueName\":\"search_term_string\"}}],\"inLanguage\":\"fr-FR\"},{\"@type\":\"Organization\",\"@id\":\"https:\\\/\\\/apycreative.com\\\/#organization\",\"name\":\"Apy Creative\",\"url\":\"https:\\\/\\\/apycreative.com\\\/\",\"logo\":{\"@type\":\"ImageObject\",\"inLanguage\":\"fr-FR\",\"@id\":\"https:\\\/\\\/apycreative.com\\\/#\\\/schema\\\/logo\\\/image\\\/\",\"url\":\"https:\\\/\\\/apycreative.com\\\/wp-content\\\/uploads\\\/2025\\\/08\\\/APYnew.webp\",\"contentUrl\":\"https:\\\/\\\/apycreative.com\\\/wp-content\\\/uploads\\\/2025\\\/08\\\/APYnew.webp\",\"width\":500,\"height\":497,\"caption\":\"Apy Creative\"},\"image\":{\"@id\":\"https:\\\/\\\/apycreative.com\\\/#\\\/schema\\\/logo\\\/image\\\/\"}}]}<\/script>\n<!-- \/ Yoast SEO plugin. -->","yoast_head_json":{"title":"manifeste - Apy Creative","robots":{"index":"index","follow":"follow","max-snippet":"max-snippet:-1","max-image-preview":"max-image-preview:large","max-video-preview":"max-video-preview:-1"},"canonical":"https:\/\/apycreative.com\/?page_id=13363","og_locale":"fr_FR","og_type":"article","og_title":"manifeste - Apy Creative","og_description":"APY CREATIVE MANIFESTE &nbsp;&nbsp;&nbsp; Nous croyons que la marque n\u2019est pas un vernis. Elle est l\u2019expression profonde de ce que vous incarnez.Ce n\u2019est pas un outil pour vendre plus.C\u2019est un espace pour r\u00e9v\u00e9ler votre essence, cr\u00e9er du lien, laisser une empreinte. Chez APY Creative,nous refusons le bruit, les recettes toutes faites, le marketing forc\u00e9.Nous choisissons [&hellip;]","og_url":"https:\/\/apycreative.com\/?page_id=13363","og_site_name":"Apy Creative","article_modified_time":"2025-09-04T14:31:45+00:00","og_image":[{"width":500,"height":497,"url":"https:\/\/apycreative.com\/wp-content\/uploads\/2025\/08\/APYnew.webp","type":"image\/webp"}],"twitter_card":"summary_large_image","twitter_misc":{"Dur\u00e9e de lecture estim\u00e9e":"2 minutes"},"schema":{"@context":"https:\/\/schema.org","@graph":[{"@type":"WebPage","@id":"https:\/\/apycreative.com\/?page_id=13363","url":"https:\/\/apycreative.com\/?page_id=13363","name":"manifeste - Apy Creative","isPartOf":{"@id":"https:\/\/apycreative.com\/#website"},"datePublished":"2025-08-16T09:02:21+00:00","dateModified":"2025-09-04T14:31:45+00:00","breadcrumb":{"@id":"https:\/\/apycreative.com\/?page_id=13363#breadcrumb"},"inLanguage":"fr-FR","potentialAction":[{"@type":"ReadAction","target":["https:\/\/apycreative.com\/?page_id=13363"]}]},{"@type":"BreadcrumbList","@id":"https:\/\/apycreative.com\/?page_id=13363#breadcrumb","itemListElement":[{"@type":"ListItem","position":1,"name":"Accueil","item":"https:\/\/apycreative.com\/"},{"@type":"ListItem","position":2,"name":"manifeste"}]},{"@type":"WebSite","@id":"https:\/\/apycreative.com\/#website","url":"https:\/\/apycreative.com\/","name":"Apy Creative","description":"Votre agence digitale","publisher":{"@id":"https:\/\/apycreative.com\/#organization"},"potentialAction":[{"@type":"SearchAction","target":{"@type":"EntryPoint","urlTemplate":"https:\/\/apycreative.com\/?s={search_term_string}"},"query-input":{"@type":"PropertyValueSpecification","valueRequired":true,"valueName":"search_term_string"}}],"inLanguage":"fr-FR"},{"@type":"Organization","@id":"https:\/\/apycreative.com\/#organization","name":"Apy Creative","url":"https:\/\/apycreative.com\/","logo":{"@type":"ImageObject","inLanguage":"fr-FR","@id":"https:\/\/apycreative.com\/#\/schema\/logo\/image\/","url":"https:\/\/apycreative.com\/wp-content\/uploads\/2025\/08\/APYnew.webp","contentUrl":"https:\/\/apycreative.com\/wp-content\/uploads\/2025\/08\/APYnew.webp","width":500,"height":497,"caption":"Apy Creative"},"image":{"@id":"https:\/\/apycreative.com\/#\/schema\/logo\/image\/"}}]}},"_links":{"self":[{"href":"https:\/\/apycreative.com\/index.php?rest_route=\/wp\/v2\/pages\/13363","targetHints":{"allow":["GET"]}}],"collection":[{"href":"https:\/\/apycreative.com\/index.php?rest_route=\/wp\/v2\/pages"}],"about":[{"href":"https:\/\/apycreative.com\/index.php?rest_route=\/wp\/v2\/types\/page"}],"author":[{"embeddable":true,"href":"https:\/\/apycreative.com\/index.php?rest_route=\/wp\/v2\/users\/1"}],"replies":[{"embeddable":true,"href":"https:\/\/apycreative.com\/index.php?rest_route=%2Fwp%2Fv2%2Fcomments&post=13363"}],"version-history":[{"count":0,"href":"https:\/\/apycreative.com\/index.php?rest_route=\/wp\/v2\/pages\/13363\/revisions"}],"wp:attachment":[{"href":"https:\/\/apycreative.com\/index.php?rest_route=%2Fwp%2Fv2%2Fmedia&parent=13363"}],"curies":[{"name":"wp","href":"https:\/\/api.w.org\/{rel}","templated":true}]}}